{"id":709,"date":"2025-05-15T17:05:37","date_gmt":"2025-05-15T15:05:37","guid":{"rendered":"https:\/\/www.69mhz.se\/?page_id=709"},"modified":"2026-01-30T09:25:57","modified_gmt":"2026-01-30T08:25:57","slug":"instegscertifikat","status":"publish","type":"page","link":"https:\/\/www.69mhz.se\/index.php\/instegscertifikat\/","title":{"rendered":"Instegscertifikat"},"content":{"rendered":"<h1>\u00c4ntligen<\/h1>\n<h2>Radioamat\u00f6r = pension\u00e4rsaktivitet?<\/h2>\n<p>Under de senaste decenierna har antalet s\u00e4ndareamat\u00f6rer i Sverige succesivt minskat. Trots folk\u00f6kning och tillg\u00e5ngen till mycket avancerade och prisv\u00e4rda utrusningar, som g\u00e5r att k\u00f6pa. \u00c5ldersf\u00f6rdelingen inom gruppen s\u00e4ndareamat\u00f6rer visar ocks\u00e5 att n\u00e5got borde g\u00f6ras innan &#8221;radioamat\u00f6rande&#8221; ses som en helt utd\u00f6d fritidsaktivitet. H\u00e4r \u00e4r en bild p\u00e5 \u00e5ldersf\u00f6rdelningen ut f\u00f6r de som finns med i resultatlistor och aktvitetsrapporter.<\/p>\n<div id=\"attachment_716\" style=\"width: 1102px\" class=\"wp-caption aligncenter\"><img loading=\"lazy\" decoding=\"async\" aria-describedby=\"caption-attachment-716\" class=\"wp-image-716 size-full\" src=\"https:\/\/www.69mhz.se\/wp-content\/uploads\/2025\/05\/1744141602013.png\" alt=\"\" width=\"1092\" height=\"576\" srcset=\"https:\/\/www.69mhz.se\/wp-content\/uploads\/2025\/05\/1744141602013.png 1092w, https:\/\/www.69mhz.se\/wp-content\/uploads\/2025\/05\/1744141602013-300x158.png 300w, https:\/\/www.69mhz.se\/wp-content\/uploads\/2025\/05\/1744141602013-1024x540.png 1024w, https:\/\/www.69mhz.se\/wp-content\/uploads\/2025\/05\/1744141602013-768x405.png 768w\" sizes=\"auto, (max-width: 1092px) 100vw, 1092px\" \/><p id=\"caption-attachment-716\" class=\"wp-caption-text\">Bilden l\u00e5nad med tillst\u00e5nd av SM0AOM<\/p><\/div>\n<h2>SH-certifikat<\/h2>\n<p>F\u00f6r att f\u00e5 flera att bli s\u00e4ndareamat\u00f6rer s\u00e5 har SSA skapat ett certifikat, som har lite enklare prov och vissa begr\u00e4nsningar i s\u00e4ndareffekt. <a href=\"https:\/\/www.ssa.se\/sverige-vi-har-ett-instegscertifikat\/\">https:\/\/www.ssa.se\/sverige-vi-har-ett-instegscertifikat\/<\/a><\/p>\n<h2>Certifikat<\/h2>\n<p>SM-certifikat utf\u00e4rdades av Televerket 1953-1963 och post-och Telestyrelsen (PTS) 1993-2004. SA-certifikat och nu \u00e4ven SH-certifikat, utf\u00e4rdas av Sveriges S\u00e4ndareamat\u00f6rer (SSA) 2004 &#8211; f.n.<\/p>\n<h2>Regler f\u00f6r instegscertifikat<\/h2>\n<p>H\u00e4r har jag lagt in lite information som jag l\u00e5nat fr\u00e5n T\u00e4pp-Anders Sikvalls trevliga sida: <a href=\"https:\/\/sikvall.se\/category\/amatorradio\/\">https:\/\/sikvall.se\/category\/amatorradio\/<\/a><\/p>\n<ul class=\"wp-block-list\">\n<li>Maximalt 25 W PEP tillf\u00f6rt antennsystemet p\u00e5 HF och<br \/>\n25 W ERP p\u00e5 VHF.<\/li>\n<\/ul>\n<p>PEP, Peak Envelope Power. S\u00e4ndarens h\u00f6gsta effekt vid SSB.<br \/>\nERP, Effective radiated power. Utstr\u00e5lningen i antennens b\u00e4sta riktning.<\/p>\n<ul class=\"wp-block-list\">\n<li>Amat\u00f6rradios\u00e4ndaren ska anpassas s\u00e5 att den inte st\u00f6r anv\u00e4ndningen av andra radioanl\u00e4ggningar<\/li>\n<li>F\u00e5r endast anv\u00e4nda CE-m\u00e4rkta radios\u00e4ndare<\/li>\n<li>Ger inte r\u00e4tt att s\u00e4tta upp egna automatiska radios\u00e4ndare eller fj\u00e4rrstyrning av amat\u00f6rradios\u00e4ndare<\/li>\n<\/ul>\n<p>Med instegscertifikat \u00e4r f\u00f6ljande band till\u00e5tna att s\u00e4nda p\u00e5:<\/p>\n<ul class=\"wp-block-list\">\n<li>40 meter (7 MHz)<\/li>\n<li>20 meter (14 MHz)<\/li>\n<li>15 meter (21 MHz)<\/li>\n<li>10 meter (28 MHz)<\/li>\n<li>6 meter (50 MHz)<\/li>\n<li>2 meter (144 MHz)<\/li>\n<\/ul>\n","protected":false},"excerpt":{"rendered":"<p>\u00c4ntligen Radioamat\u00f6r = pension\u00e4rsaktivitet? Under de senaste decenierna har antalet s\u00e4ndareamat\u00f6rer i Sverige succesivt minskat. Trots folk\u00f6kning och tillg\u00e5ngen till mycket avancerade och prisv\u00e4rda utrusningar, som g\u00e5r att k\u00f6pa. \u00c5ldersf\u00f6rdelingen inom gruppen s\u00e4ndareamat\u00f6rer visar ocks\u00e5 att n\u00e5got borde g\u00f6ras innan &hellip; <a href=\"https:\/\/www.69mhz.se\/index.php\/instegscertifikat\/\">Forts\u00e4tt l\u00e4sa <span class=\"meta-nav\">&rarr;<\/span><\/a><\/p>\n","protected":false},"author":1,"featured_media":0,"parent":0,"menu_order":76,"comment_status":"closed","ping_status":"closed","template":"","meta":{"footnotes":""},"class_list":["post-709","page","type-page","status-publish","hentry"],"_links":{"self":[{"href":"https:\/\/www.69mhz.se\/index.php\/wp-json\/wp\/v2\/pages\/709","targetHints":{"allow":["GET"]}}],"collection":[{"href":"https:\/\/www.69mhz.se\/index.php\/wp-json\/wp\/v2\/pages"}],"about":[{"href":"https:\/\/www.69mhz.se\/index.php\/wp-json\/wp\/v2\/types\/page"}],"author":[{"embeddable":true,"href":"https:\/\/www.69mhz.se\/index.php\/wp-json\/wp\/v2\/users\/1"}],"replies":[{"embeddable":true,"href":"https:\/\/www.69mhz.se\/index.php\/wp-json\/wp\/v2\/comments?post=709"}],"version-history":[{"count":6,"href":"https:\/\/www.69mhz.se\/index.php\/wp-json\/wp\/v2\/pages\/709\/revisions"}],"predecessor-version":[{"id":750,"href":"https:\/\/www.69mhz.se\/index.php\/wp-json\/wp\/v2\/pages\/709\/revisions\/750"}],"wp:attachment":[{"href":"https:\/\/www.69mhz.se\/index.php\/wp-json\/wp\/v2\/media?parent=709"}],"curies":[{"name":"wp","href":"https:\/\/api.w.org\/{rel}","templated":true}]}}