{"id":8,"date":"2024-01-02T16:51:37","date_gmt":"2024-01-02T15:51:37","guid":{"rendered":"https:\/\/www.69mhz.se\/Badminton\/?page_id=8"},"modified":"2025-05-24T17:59:30","modified_gmt":"2025-05-24T15:59:30","slug":"privatradio-69-mhz","status":"publish","type":"page","link":"https:\/\/www.69mhz.se\/","title":{"rendered":"Hem"},"content":{"rendered":"<h1 class=\"wp-block-heading\">69 MHz privatradio f\u00f6r amat\u00f6rer, proffs och entusiaster<\/h1>\r\n<!-- \/wp:post-content -->\r\n\r\n<!-- wp:paragraph -->\r\n<h2>Leksak eller nyttopryl?<\/h2>\r\n<div id=\"attachment_649\" style=\"width: 291px\" class=\"wp-caption alignleft\"><img loading=\"lazy\" decoding=\"async\" aria-describedby=\"caption-attachment-649\" class=\"size-full wp-image-649\" src=\"https:\/\/www.69mhz.se\/wp-content\/uploads\/2025\/01\/Dick_Tracy_and_2-Way_Wrist_Radio.jpg\" alt=\"\" width=\"281\" height=\"354\" srcset=\"https:\/\/www.69mhz.se\/wp-content\/uploads\/2025\/01\/Dick_Tracy_and_2-Way_Wrist_Radio.jpg 281w, https:\/\/www.69mhz.se\/wp-content\/uploads\/2025\/01\/Dick_Tracy_and_2-Way_Wrist_Radio-238x300.jpg 238w\" sizes=\"auto, (max-width: 281px) 100vw, 281px\" \/><p id=\"caption-attachment-649\" class=\"wp-caption-text\">Dick Tracy and 2-Way Wrist Radio. 1952. Credit to Wikipedia.<\/p><\/div>\r\n<p>Det kan verka underligt att n\u00e5gon \u00e4r intresserad av \u201den enkel env\u00e4gs radio-kommunikation\u201d d\u00e5 alla m\u00e4nniskor har en mobiltelefon och kan i full duplex samtala live med bild i realtid,\u00a0 surfa p\u00e5 internet, lyssna p\u00e5 musik, titta p\u00e5 film, ta bilder, spela in film, skicka och ta emot pengar, ha koll p\u00e5 sina fysiska aktiviteter och status och h\u00e5lla reda p\u00e5 sin geografiska position med mera. Ett extremt sv\u00e5rslaget tekniskt hj\u00e4lpmedel. Det som lockar med en radio \u00e4r hur man utan internet- och mobiln\u00e4t kan kommunicera med en \u2013 relativt en mobiltelefon \u2013 billig privatradio.<\/p>\r\n<p>Fakta fr\u00e5n MSB om prepping: <a href=\"https:\/\/www.msb.se\/sv\/om-msb\/forskning\/hur-tanker-en-prepper\/\">https:\/\/www.msb.se\/sv\/om-msb\/forskning\/hur-tanker-en-prepper\/<\/a><\/p>\r\n<h2>4-Meters bandet<\/h2>\r\n<p>Frekvensen 69 MHz inneb\u00e4r att v\u00e5gl\u00e4ngden \u00e4r 4,3 meter och frekvensen finns i det som kallas 4-meters bandet. Andra ben\u00e4mningar \u00e4r 66 \u2013 88 MHz omr\u00e5det. Frekvensen 69 MHz finns inom det som \u00e4ven kallas VHF, Very High Frequency som str\u00e4cker sig fr\u00e5n 30 &#8211; 300 MHz.<\/p>\r\n<p>N\u00e4rliggande kanaler i frekvensbandet 69 MHz anv\u00e4nds av \u00e5kerier och m\u00f6jligen taxi i landsorten.<\/p>\r\n<h2>Myndigheternas krav<\/h2>\r\n<p>Radioutrustning f\u00f6r privatradio som anv\u00e4ndas i Sverige och Europa ska vara certifierade och uppfylla typgodk\u00e4nnande enligt CE, EMC och RoHS och en del tillverkare uppfyller \u00e4ven de frivilliga Europakraven enligt RISE, NB och motsvarande kraven i USA enligt FCC, TBC. Det \u00e4r prisv\u00e4rda, moderna, fabriksbyggda, provade och certifierade radioutrustningar. Made in Kina \u00e4r en vanlig m\u00e4rkning p\u00e5 utrustningen.<\/p>\r\n<h2>Dagens radiotrafik &#8211; eller radiotystnad<\/h2>\r\n<div style=\"width: 157px\" class=\"wp-caption alignleft\"><img loading=\"lazy\" decoding=\"async\" class=\"\" src=\"https:\/\/emojigraph.org\/media\/openmoji\/frowning-face_2639-fe0f.png\" alt=\"Hur Ansikte med sur mun emoji ser ut p\u00e5 Openmoji.\" width=\"147\" height=\"147\" \/><p class=\"wp-caption-text\">Sur gubbe l\u00e5nad av Openmoji<\/p><\/div>\r\n<p><strong><em>Bor du en bit utanf\u00f6r en t\u00e4tort s\u00e5 \u00e4r det mycket tyst i din 69 MHz radio. N\u00e5gra samtal kan h\u00f6ras p\u00e5 kv\u00e4llar och helger.<\/em><\/strong><\/p>\r\n<p>Jag har min radio i bilen. Den kan vara tyst en en hel vecka, om jag inte r\u00e4knar en del sprak och brus som d\u00e5 och d\u00e5 h\u00f6rs p\u00e5 kanal 8. D\u00e4rf\u00f6r kan det vara l\u00e4mpligt att ha tv\u00e5 apparater, s\u00e5 att det enkelt g\u00e5r att testa att radion \u00e4r hel.\u00a0<\/p>\r\n<p>\u00c4r ni n\u00e5gra stycken som skaffar er 69 MHz apparater s\u00e5 har ni tillg\u00e5ng till v\u00e4ldigt trevliga &#8221;snabbtelefoner&#8221;!<\/p>\r\n<p>Initialt d\u00e5 bandet \u00f6ppnades, 2016-17 var det en hel del trafik. N\u00e4stan en hajp, och m\u00e5nga olika intressegrupper, f\u00f6reningar och klubbar startades och m\u00e5nga var v\u00e4ldigt aktiva. I dag \u00e4r deras hemsidor inaktuella, har trasiga l\u00e4nkar och det \u00e4r ingen som svarar p\u00e5 e-post.<\/p>\r\n<p>De som i dag h\u00f6rs p\u00e5 69 MHz \u00e4r till stor del radiointresserade personer. Ibland \u00e4ven en och annan certifierade radioamat\u00f6r. Trots tillg\u00e5ngen till ett stort antal frekvensband v\u00e4ljer \u00e4ven dessa 69 MHz f\u00f6r snabba regionala kontakter. 69 MHz har bra regional t\u00e4ckning, inga st\u00f6rningar och utm\u00e4rkt ljudkvalitet. De \u00e4r samma\u00a0 krav p\u00e5 deras utrustningar, det vill s\u00e4ga CE och R0HS m\u00e4rkning, som f\u00f6r alla andra d\u00e5 de &#8221;k\u00f6r p\u00e5&#8221; frekvenserna f\u00f6r privatradio.<\/p>\r\n<p><em>Anm: Ben\u00e4mningen &#8221;privatradiot&#8221; \u00e4r en anpassad form av &#8221;radioten&#8221; som anv\u00e4ndes\u00a0 1976 i TV-komediserien Fleksnes fataliteter d\u00e5 Rolv Wesenlund k\u00f6rde amat\u00f6rradio med det vid inspelningen fiktiva anropet LA8PV.<\/em><\/p>\r\n<h2>Prova din radio<\/h2>\r\n<p>P\u00e5 olika st\u00e4llen i landet brukar s\u00e4ndaramat\u00f6rer k\u00f6ra 69 MHz-ringar med upp till ett 50 tal deltagare. Exempel fr\u00e5n Youtube h\u00e4r:<\/p>\r\n<p><iframe loading=\"lazy\" title=\"69MHz: Torsdagsringen 2022-08-11\" width=\"640\" height=\"360\" src=\"https:\/\/www.youtube.com\/embed\/HkQG1bMYm9g?feature=oembed\" frameborder=\"0\" allow=\"accelerometer; autoplay; clipboard-write; encrypted-media; gyroscope; picture-in-picture; web-share\" referrerpolicy=\"strict-origin-when-cross-origin\" allowfullscreen><\/iframe><\/p>\r\n<p>Att delta n\u00e4r n\u00e5gra k\u00f6r en &#8221;ring&#8221; ger en bra indikation p\u00e5 din utrustnings r\u00e4ckvidd och hur valet av geografisk plats styr r\u00e4ckvidden.<\/p>\r\n<h1 class=\"wp-block-heading\">Fria frekvenser<\/h1>\r\n<p><!-- \/wp:paragraph -->\r\n\r\n<!-- wp:paragraph --><\/p>\r\n<h2>En liberal myndighet <img loading=\"lazy\" decoding=\"async\" class=\"alignright size-full wp-image-337\" src=\"https:\/\/www.69mhz.se\/wp-content\/uploads\/2024\/01\/pts-logo.jpg\" alt=\"\" width=\"129\" height=\"67\" \/><\/h2>\r\n<p>I Sverige har vi tillg\u00e5ng till ett antal fria kanaler f\u00f6r exempelvis radiostyrning, jakt, jordbruk och ett antal fria och av PTS, Post- och telestyrelsen, uppl\u00e5tna frekvensband f\u00f6r privatradio som alla f\u00e5r anv\u00e4nda. H\u00e4r \u00e4r n\u00e5gra popul\u00e4ra fria frekvenser i kronologisk ordning.<\/p>\r\n<ul>\r\n<li>1961 &#8211; 27 MHz . Fr\u00e5n start 24 kanaler AM. Fr\u00e5n 1 oktober 2013, 40 kanaler,\u00a0 med en s\u00e4ndareffekt p\u00e5 4 W e.r.p. f\u00f6r AM\/FM och 12W p.e.p e.r.p. SSB.<\/li>\r\n<li>1991 &#8211;\u00a0 31 MHz. 40 kanaler FM. max 5 W. Fritid ex jakt. Yttre antenn f\u00e5r anv\u00e4ndas.<\/li>\r\n<li>2008 &#8211;\u00a0 155 MHz. FM. Jordbruk, skogsbruk och jakt. 16 kanaler. 5 W e.r.p.<\/li>\r\n<li>2014 &#8211; PMR 446 (Private Mobile Radio) med 16 analoga alternativt 32 digitala kanaler f\u00f6r 446,0 &#8211; 446,2 MHz.\u00a0 CEPT godk\u00e4nd ETSI EN 303 405 &#8211; V1.1.1. Utstr\u00e5lad effekt 0,5 W. Endast handh\u00e5llna apparater.<\/li>\r\n<li>2016 &#8211; 69 MHz med 18 kanaler FM. P\u00e5 10 kanaler 5 W och p\u00e5 de 8 l\u00e4gre kanaler 25 W e.r.p.<\/li>\r\n<\/ul>\r\n<p>e.r.p. = ERP, Effective radiated power. Utstr\u00e5lningen i antennens b\u00e4sta riktning.<br \/>p.e.p. = PEP, Peak Envelope Power. S\u00e4ndarens h\u00f6gsta effekt vid SSB.\u00a0<\/p>\r\n<p>Enligt PTS, Post-och telestyrelsens f\u00f6rfattningssamlingar \u00e4r de h\u00e4r frekvenserna undantagna fr\u00e5n tillst\u00e5ndsplikt.<\/p>\r\n<p><strong>Vem som helst kan k\u00f6pa en CE m\u00e4rkt radio f\u00f6r de aktuella frekvenserna och utv\u00e4xla information med andra likasinnade.<\/strong><\/p>\r\n<p><!-- \/wp:paragraph -->\r\n\r\n<!-- wp:paragraph \/-->\r\n\r\n<!-- wp:paragraph \/-->\r\n\r\n<!-- wp:paragraph --><\/p>\r\n<h2>Valet av frekvens<\/h2>\r\n<p>Vilken frekvens som \u00e4r intressant att anv\u00e4nda beror p\u00e5 vad man ska anv\u00e4nda kommunikationen till och frekvensbandets v\u00e5gutbredning. Kanalerna p\u00e5 27 MHz (27,205 &#8211; 27,405) kan stundtals vara riktigt kaotiskt d\u00e5 frekvensen ger l\u00e5ng r\u00e4ckvidd f\u00f6r utl\u00e4ndska effektstarka s\u00e4ndare. Italienarna f\u00e5r exempelvis k\u00f6ra med 1kW uteffekt. Det kan h\u00e4r i Sverige ofta vara sv\u00e5rt, ibland om\u00f6jligt, att f\u00e5 igenom en n\u00e4rkommunikation med markv\u00e5g p\u00e5 avst\u00e5nd som 5 &#8211; 50 km.<\/p>\r\n<p>Jaktradiofrekvensen 155 MHz har bra h\u00f6rbarhet och ger med 1\/4 spr\u00f6tantenn en s\u00e4ndningsradie p\u00e5 5-10 km. Endast handh\u00e5llen utrustning.<\/p>\r\n<p>PMR 446 har kort r\u00e4ckvidd genom l\u00e5g effekt, begr\u00e4nsad v\u00e5gutbredning och f\u00e5r endast anv\u00e4ndas som handh\u00e5llen utrustning. En radio som \u00e4r till\u00e5ten i hela Europa. Brukar kallas walkie-talkie.<\/p>\r\n<p>Mobila och station\u00e4ra utrustningar som anv\u00e4nds f\u00f6r privatradio 69 MHz har en s\u00e4ndareffekt p\u00e5 max 25 W, och en r\u00e4ckvidd p\u00e5 50 km under bra f\u00f6rh\u00e5llanden. Radion finns ocks\u00e5 som handh\u00e5llen. De station\u00e4ra apparaterna \u00e4r mobila apparater som vid den typen av anv\u00e4ndning str\u00f6mf\u00f6rs\u00f6rjs fr\u00e5n ett 12 volts n\u00e4taggregat.<\/p>\r\n<p><!-- \/wp:paragraph -->\r\n\r\n<!-- wp:paragraph \/-->\r\n\r\n<!-- wp:paragraph {\"style\":{\"typography\":{\"lineHeight\":\"1.2\"}},\"fontSize\":\"x-large\"} --><\/p>\r\n<div class=\"wp-block-group alignfull has-accent-background-color has-background\" style=\"margin-top: 0; margin-bottom: 0; padding: var(--wp--preset--spacing--50);\">\r\n<div class=\"wp-block-columns alignwide\"><!-- \/wp:paragraph -->\r\n\r\n<!-- wp:column -->\r\n<div class=\"wp-block-column\">\r\n<div id=\"attachment_9\" style=\"width: 484px\" class=\"wp-caption alignnone\"><img loading=\"lazy\" decoding=\"async\" aria-describedby=\"caption-attachment-9\" class=\"size-large wp-image-9\" src=\"https:\/\/www.69mhz.se\/Badminton\/wp-content\/uploads\/2024\/01\/AnyTone-AT-5189-1024x545.jpg\" alt=\"\" width=\"474\" height=\"252\" srcset=\"https:\/\/www.69mhz.se\/wp-content\/uploads\/2024\/01\/AnyTone-AT-5189-1024x545.jpg 1024w, https:\/\/www.69mhz.se\/wp-content\/uploads\/2024\/01\/AnyTone-AT-5189-300x160.jpg 300w, https:\/\/www.69mhz.se\/wp-content\/uploads\/2024\/01\/AnyTone-AT-5189-768x408.jpg 768w, https:\/\/www.69mhz.se\/wp-content\/uploads\/2024\/01\/AnyTone-AT-5189.jpg 1384w\" sizes=\"auto, (max-width: 474px) 100vw, 474px\" \/><p id=\"caption-attachment-9\" class=\"wp-caption-text\">AnyTone AT-5189<\/p><\/div>\r\n<p>Finner du privatradio intressant och vill \u201dg\u00e5 vidare\u201d och f\u00e5 tillg\u00e5ng till fler frekvenser kan du kontakta F\u00f6reningen Sveriges S\u00e4ndareamat\u00f6rer: <a href=\"https:\/\/www.ssa.se\/\">https:\/\/www.ssa.se\/<\/a><\/p>\r\n<h2>Styrdokument &#8211; M\u00e5nga sidor<\/h2>\r\n<p>Post- och telestyrelsens f\u00f6reskrifter om undantag fr\u00e5n tillst\u00e5ndsplikt f\u00f6r anv\u00e4ndning av vissa radios\u00e4ndare; ikrafttr\u00e4dande den 16 januari 2023. PTSFS 2022:19<\/p>\r\n<p><a href=\"https:\/\/pts.se\/contentassets\/475c0285823d4966b321ca4ef4a6b4de\/ptsfs-2022-19-undantag-fran-tillstandsplikt-for-anvandning-av-vissa-radiosandare.pdf\">https:\/\/pts.se\/contentassets\/475c0285823d4966b321ca4ef4a6b4de\/ptsfs-2022-19-undantag-fran-tillstandsplikt-for-anvandning-av-vissa-radiosandare.pdf<\/a><\/p>\r\n<h2>H\u00e4r \u00e4r ett urklipp fr\u00e5n sidan 22 i dokumentet:<\/h2>\r\n<p><strong>91 \u00a7 69,0\u201369,2 MHz:<\/strong> Radios\u00e4ndare f\u00f6r landmobil trafik. B\u00e4rv\u00e5gsfrekvenser i MHz: 69,0125 69,0375 69,0625 69,1125 69,1375 69,1625 69,0875 H\u00f6gsta effekt: 25 W e.r.p. S\u00e4ndningscykel: &lt;10 % Kanalbredd: 25 kHz 69,1875 P\u00e5 b\u00e4rv\u00e5gsfrekvensen 69,0125 MHz f\u00e5r endast mobila s\u00e4ndare anv\u00e4ndas inom V\u00e4stra G\u00f6talands och Hallands l\u00e4n.<\/p>\r\n<p><strong>92 \u00a7 69,600\u201369,725 MHz:<\/strong> Mobila radios\u00e4ndare. H\u00f6gsta effekt: 5,0 W e.r.p. S\u00e4ndningscykel: \u2264 10 % Kanalbredd: 12,5 kHz B\u00e4rv\u00e5gsfrekvenser i MHz: 69,60625 69,63125 69,65625 69,68125 69,61875 69,70625 69,64375 69,66875 69,69375<\/p>\r\n<h2>Som lista:<\/h2>\r\n<p><strong>91 \u00a7 69,0\u201369,2 MHz: Radios\u00e4ndare f\u00f6r landmobil trafik. <\/strong><\/p>\r\n<p><strong>H\u00f6gsta effekt: 25 W e.r.p. S\u00e4ndningscykel: &lt;10 % Kanalbredd: 25 kHz<\/strong><\/p>\r\n<p>B\u00e4rv\u00e5gsfrekvenser i MHz:<br \/>69,0125<br \/>69,0375<br \/>69,0625<br \/>69,0875<br \/>69,1125<br \/>69,1375<br \/>69,1625<br \/>69,1875<\/p>\r\n<p>P\u00e5 b\u00e4rv\u00e5gsfrekvensen 69,0125 MHz f\u00e5r endast mobila s\u00e4ndare anv\u00e4ndas inom V\u00e4stra G\u00f6talands och Hallands l\u00e4n.<\/p>\r\n<p><strong>92 \u00a7 69,600\u201369,725 MHz: Mobila radios\u00e4ndare<\/strong><\/p>\r\n<p><strong>H\u00f6gsta effekt: 5,0 W e.r.p. S\u00e4ndningscykel: &lt;10 % Kanalbredd: 12,5 kHz<\/strong><\/p>\r\n<p>B\u00e4rv\u00e5gsfrekvenser i MHz:<br \/>69,60625<br \/>69,63125<br \/>69,65625<br \/>69,68125<br \/>69,70625<br \/>69,61875<br \/>69,64375<br \/>69,66875<br \/>69,69375<br \/>69,71875<\/p>\r\n<h2>F\u00f6rtydligande<\/h2>\r\n<p>Observera att de f\u00f6rsta 8 kanalerna har effekten 25 W och en kanalbredd p\u00e5 25 kHz och de 8 senare kanalerna har max effekt 5 W och en kanalbredd p\u00e5 12,5 kHz.<\/p>\r\n<p>De tv\u00e5 grupperna av frekvenser 8 + 10, totalt 18 brukar ges nummer fr\u00e5n 1 till 18 och kanal 8 med frekvensen 69,1875 MHz kallas anropskanal.<\/p>\r\n<p><strong>OBS! Det finns ingen officiell, d.v.s. av n\u00e5gon myndighet (exempelvis PTS) fastst\u00e4lld kanalnumreringen av frekvenserna! Numreringen \u00e4r n\u00e5got som f\u00f6retagen som s\u00e4ljer radioutrustningen har valt att g\u00f6ra. Det \u00e4r enklare att beskriva en frekvens med ett kanalnummer ist\u00e4llet f\u00f6r med 6 eller 7 siffror.<\/strong><\/p>\r\n<p>Bakom effektsiffrorna i W st\u00e5r f\u00f6rkortningen e.r.p som betyder, (effective radiated power) effektiv utstr\u00e5lad effekt, allts\u00e5 den effekt som antennen str\u00e5lar ut i sin \u201db\u00e4sta\u201d riktning.<\/p>\r\n<p>Bra f\u00f6rklaring av Watt ERP och EIRP finns i V\u00e5gbrytarnas kunskapsbank: <a href=\"https:\/\/vagbrytaren.se\/kunskapsbanken\/erp-och-eirp\/index.html\">https:\/\/vagbrytaren.se\/kunskapsbanken\/erp-och-eirp\/index.html<\/a><\/p>\r\n<p>S\u00e4ndningscykel betyder att f\u00f6rh\u00e5llandet mellan s\u00e4ndning och mottagning \u00e4r mindre \u00e4n 10%. Man lyssnar mer \u00e4n man s\u00e4nder.<\/p>\r\n<p>Moduleringen \u00e4r FM, frekvens modulering f\u00f6r alla kanalerna.<\/p>\r\n<p>V\u00e5gl\u00e4ngden lamda \u03bb i meter \u00e4r 4,3 meter.\u00a0<\/p>\r\n<p>Omr\u00e4kningen mellan v\u00e5gl\u00e4ngd och frekvens finns h\u00e4r: <a href=\"https:\/\/www.digikey.se\/sv\/resources\/conversion-calculators\/conversion-calculator-wavelength\">https:\/\/www.digikey.se\/sv\/resources\/conversion-calculators\/conversion-calculator-wavelength<\/a><\/p>\r\n<h2>\u00c5keri &amp; transport kanalerna<\/h2>\r\n<p>F\u00f6rutom de 18 kanalerna s\u00e5 finns det ett antal n\u00e4rliggande kanaler som anv\u00e4nds av \u00c5keri &amp; transport: <a href=\"https:\/\/scannersverige.se\/frekvenser-transport\/\">https:\/\/scannersverige.se\/frekvenser-transport\/<\/a><\/p>\r\n<p>Det finns fyra kanaler av dessa som \u00e4ven \u00e5terfinns eller kan l\u00e4ggas in p\u00e5 apparater med frekvensbandet 66 \u2013 88 MHz. De brukar ges nummer 01 \u2013 04. Det \u00e4r \u00c5keri Rix 1 \u2013 4 med MHz frekvenserna 85,93750. 85,96250. 86,66250. 87,28750.<\/p>\r\n<\/div>\r\n<\/div>\r\n<\/div>","protected":false},"excerpt":{"rendered":"<p>69 MHz privatradio f\u00f6r amat\u00f6rer, proffs och entusiaster Leksak eller nyttopryl? Det kan verka underligt att n\u00e5gon \u00e4r intresserad av \u201den enkel env\u00e4gs radio-kommunikation\u201d d\u00e5 alla m\u00e4nniskor har en mobiltelefon och kan i full duplex samtala live med bild i &hellip; <a href=\"https:\/\/www.69mhz.se\/\">Forts\u00e4tt l\u00e4sa <span class=\"meta-nav\">&rarr;<\/span><\/a><\/p>\n","protected":false},"author":1,"featured_media":0,"parent":0,"menu_order":10,"comment_status":"closed","ping_status":"closed","template":"","meta":{"footnotes":""},"class_list":["post-8","page","type-page","status-publish","hentry"],"_links":{"self":[{"href":"https:\/\/www.69mhz.se\/index.php\/wp-json\/wp\/v2\/pages\/8","targetHints":{"allow":["GET"]}}],"collection":[{"href":"https:\/\/www.69mhz.se\/index.php\/wp-json\/wp\/v2\/pages"}],"about":[{"href":"https:\/\/www.69mhz.se\/index.php\/wp-json\/wp\/v2\/types\/page"}],"author":[{"embeddable":true,"href":"https:\/\/www.69mhz.se\/index.php\/wp-json\/wp\/v2\/users\/1"}],"replies":[{"embeddable":true,"href":"https:\/\/www.69mhz.se\/index.php\/wp-json\/wp\/v2\/comments?post=8"}],"version-history":[{"count":6,"href":"https:\/\/www.69mhz.se\/index.php\/wp-json\/wp\/v2\/pages\/8\/revisions"}],"predecessor-version":[{"id":731,"href":"https:\/\/www.69mhz.se\/index.php\/wp-json\/wp\/v2\/pages\/8\/revisions\/731"}],"wp:attachment":[{"href":"https:\/\/www.69mhz.se\/index.php\/wp-json\/wp\/v2\/media?parent=8"}],"curies":[{"name":"wp","href":"https:\/\/api.w.org\/{rel}","templated":true}]}}